{"id":16848,"date":"2020-09-25T19:24:41","date_gmt":"2020-09-25T17:24:41","guid":{"rendered":"https:\/\/fornoditalia.com\/?post_type=product&#038;p=16848"},"modified":"2025-04-24T15:20:02","modified_gmt":"2025-04-24T13:20:02","slug":"polpa-di-caja","status":"publish","type":"product","link":"https:\/\/fornoditalia.com\/pt-br\/produto\/polpa-di-caja\/","title":{"rendered":"Polpa di Caja"},"content":{"rendered":"","protected":false},"excerpt":{"rendered":"<p>La caj\u00e1 \u00e8 un frutto dal colore giallastro, dal sapore agrodolce, vicino al sapore dell&#8217;arancia, \u00e8 ricco di sali minerali, come Calcio, Fosforo e Ferro.<\/p>\n<p>Busta di 100g.<\/p>\n","protected":false},"featured_media":24736,"comment_status":"open","ping_status":"closed","template":"","meta":{"wds_primary_product_brand":0,"wds_primary_product_cat":0},"product_brand":[],"product_cat":[97],"product_tag":[],"class_list":{"0":"post-16848","1":"product","2":"type-product","3":"status-publish","4":"has-post-thumbnail","6":"product_cat-polpe","8":"first","9":"instock","10":"shipping-taxable","11":"purchasable","12":"product-type-simple"},"yoast_head":"<!-- This site is optimized with the Yoast SEO plugin v27.5 - https:\/\/yoast.com\/product\/yoast-seo-wordpress\/ -->\n<title>Polpa di Caja - Forno D&#039;Italia<\/title>\n<meta name=\"robots\" content=\"index, follow, max-snippet:-1, max-image-preview:large, max-video-preview:-1\" \/>\n<link rel=\"canonical\" href=\"https:\/\/fornoditalia.com\/pt-br\/produto\/polpa-di-caja\/\" \/>\n<meta property=\"og:locale\" content=\"pt_BR\" \/>\n<meta property=\"og:type\" content=\"article\" \/>\n<meta property=\"og:title\" content=\"Polpa di Caja\" \/>\n<meta property=\"og:description\" content=\"Il caja conosciuto in altre regioni del sud America come\u00a0tapereb\u00e0\u00a0ed \u00e8 soprattutto diffuso nel Nord-Est del Brasile (ha preso il suo nome da un piccolo animale della foresta amazzonica).Ha un gusto sofisticato e caratteristico, agro e dolce, altamente dissetante.Il Caja fornisce un buon apporto di\u00a0vitamine C ed A\u00a0oltre ai\u00a0sali minerali\u00a0(come calcio, fosforo e ferro) ed una buona quantit\u00e0 di\u00a0fibra alimentare. Busta di 100g.\" \/>\n<meta property=\"og:url\" content=\"https:\/\/fornoditalia.com\/pt-br\/produto\/polpa-di-caja\/\" \/>\n<meta property=\"og:site_name\" content=\"Forno D&#039;Italia\" \/>\n<meta property=\"article:publisher\" content=\"https:\/\/www.facebook.com\/Forno-DItalia-108001610953448\/\" \/>\n<meta property=\"article:modified_time\" content=\"2025-04-24T13:20:02+00:00\" \/>\n<meta property=\"og:image\" content=\"https:\/\/fornoditalia.com\/wp-content\/uploads\/2020\/09\/Polpa-Caja-100g.jpg\" \/>\n\t<meta property=\"og:image:width\" content=\"1200\" \/>\n\t<meta property=\"og:image:height\" content=\"800\" \/>\n\t<meta property=\"og:image:type\" content=\"image\/jpeg\" \/>\n<meta name=\"twitter:card\" content=\"summary_large_image\" \/>\n<script type=\"application\/ld+json\" class=\"yoast-schema-graph\">{\"@context\":\"https:\\\/\\\/schema.org\",\"@graph\":[{\"@type\":\"WebPage\",\"@id\":\"https:\\\/\\\/fornoditalia.com\\\/pt-br\\\/produto\\\/polpa-di-caja\\\/\",\"url\":\"https:\\\/\\\/fornoditalia.com\\\/pt-br\\\/produto\\\/polpa-di-caja\\\/\",\"name\":\"Polpa di Caja - Forno D&#039;Italia\",\"isPartOf\":{\"@id\":\"https:\\\/\\\/fornoditalia.com\\\/pt-br\\\/#website\"},\"primaryImageOfPage\":{\"@id\":\"https:\\\/\\\/fornoditalia.com\\\/pt-br\\\/produto\\\/polpa-di-caja\\\/#primaryimage\"},\"image\":{\"@id\":\"https:\\\/\\\/fornoditalia.com\\\/pt-br\\\/produto\\\/polpa-di-caja\\\/#primaryimage\"},\"thumbnailUrl\":\"https:\\\/\\\/fornoditalia.com\\\/wp-content\\\/uploads\\\/2020\\\/09\\\/Polpa-Caja-100g.jpg\",\"datePublished\":\"2020-09-25T17:24:41+00:00\",\"dateModified\":\"2025-04-24T13:20:02+00:00\",\"breadcrumb\":{\"@id\":\"https:\\\/\\\/fornoditalia.com\\\/pt-br\\\/produto\\\/polpa-di-caja\\\/#breadcrumb\"},\"inLanguage\":\"pt-BR\",\"potentialAction\":[{\"@type\":\"ReadAction\",\"target\":[\"https:\\\/\\\/fornoditalia.com\\\/pt-br\\\/produto\\\/polpa-di-caja\\\/\"]}]},{\"@type\":\"ImageObject\",\"inLanguage\":\"pt-BR\",\"@id\":\"https:\\\/\\\/fornoditalia.com\\\/pt-br\\\/produto\\\/polpa-di-caja\\\/#primaryimage\",\"url\":\"https:\\\/\\\/fornoditalia.com\\\/wp-content\\\/uploads\\\/2020\\\/09\\\/Polpa-Caja-100g.jpg\",\"contentUrl\":\"https:\\\/\\\/fornoditalia.com\\\/wp-content\\\/uploads\\\/2020\\\/09\\\/Polpa-Caja-100g.jpg\",\"width\":1200,\"height\":800},{\"@type\":\"BreadcrumbList\",\"@id\":\"https:\\\/\\\/fornoditalia.com\\\/pt-br\\\/produto\\\/polpa-di-caja\\\/#breadcrumb\",\"itemListElement\":[{\"@type\":\"ListItem\",\"position\":1,\"name\":\"In\u00edcio\",\"item\":\"https:\\\/\\\/fornoditalia.com\\\/pt-br\\\/\"},{\"@type\":\"ListItem\",\"position\":2,\"name\":\"Prodotti\",\"item\":\"https:\\\/\\\/fornoditalia.com\\\/prodotti\\\/\"},{\"@type\":\"ListItem\",\"position\":3,\"name\":\"Polpa di Caja\"}]},{\"@type\":\"WebSite\",\"@id\":\"https:\\\/\\\/fornoditalia.com\\\/pt-br\\\/#website\",\"url\":\"https:\\\/\\\/fornoditalia.com\\\/pt-br\\\/\",\"name\":\"Forno D&#039;Italia\",\"description\":\"P\u00e3o de Queijo\",\"publisher\":{\"@id\":\"https:\\\/\\\/fornoditalia.com\\\/pt-br\\\/#organization\"},\"potentialAction\":[{\"@type\":\"SearchAction\",\"target\":{\"@type\":\"EntryPoint\",\"urlTemplate\":\"https:\\\/\\\/fornoditalia.com\\\/pt-br\\\/?s={search_term_string}\"},\"query-input\":{\"@type\":\"PropertyValueSpecification\",\"valueRequired\":true,\"valueName\":\"search_term_string\"}}],\"inLanguage\":\"pt-BR\"},{\"@type\":\"Organization\",\"@id\":\"https:\\\/\\\/fornoditalia.com\\\/pt-br\\\/#organization\",\"name\":\"Forno D'Italia\",\"url\":\"https:\\\/\\\/fornoditalia.com\\\/pt-br\\\/\",\"logo\":{\"@type\":\"ImageObject\",\"inLanguage\":\"pt-BR\",\"@id\":\"https:\\\/\\\/fornoditalia.com\\\/pt-br\\\/#\\\/schema\\\/logo\\\/image\\\/\",\"url\":\"https:\\\/\\\/fornoditalia.com\\\/wp-content\\\/uploads\\\/2020\\\/06\\\/FornoDItalia_Logo_version500.png\",\"contentUrl\":\"https:\\\/\\\/fornoditalia.com\\\/wp-content\\\/uploads\\\/2020\\\/06\\\/FornoDItalia_Logo_version500.png\",\"width\":500,\"height\":263,\"caption\":\"Forno D'Italia\"},\"image\":{\"@id\":\"https:\\\/\\\/fornoditalia.com\\\/pt-br\\\/#\\\/schema\\\/logo\\\/image\\\/\"},\"sameAs\":[\"https:\\\/\\\/www.facebook.com\\\/Forno-DItalia-108001610953448\\\/\",\"https:\\\/\\\/www.instagram.com\\\/forno.ditalia\\\/\"]}]}<\/script>\n<!-- \/ Yoast SEO plugin. -->","yoast_head_json":{"title":"Polpa di Caja - Forno D&#039;Italia","robots":{"index":"index","follow":"follow","max-snippet":"max-snippet:-1","max-image-preview":"max-image-preview:large","max-video-preview":"max-video-preview:-1"},"canonical":"https:\/\/fornoditalia.com\/pt-br\/produto\/polpa-di-caja\/","og_locale":"pt_BR","og_type":"article","og_title":"Polpa di Caja","og_description":"Il caja conosciuto in altre regioni del sud America come\u00a0tapereb\u00e0\u00a0ed \u00e8 soprattutto diffuso nel Nord-Est del Brasile (ha preso il suo nome da un piccolo animale della foresta amazzonica).Ha un gusto sofisticato e caratteristico, agro e dolce, altamente dissetante.Il Caja fornisce un buon apporto di\u00a0vitamine C ed A\u00a0oltre ai\u00a0sali minerali\u00a0(come calcio, fosforo e ferro) ed una buona quantit\u00e0 di\u00a0fibra alimentare. Busta di 100g.","og_url":"https:\/\/fornoditalia.com\/pt-br\/produto\/polpa-di-caja\/","og_site_name":"Forno D&#039;Italia","article_publisher":"https:\/\/www.facebook.com\/Forno-DItalia-108001610953448\/","article_modified_time":"2025-04-24T13:20:02+00:00","og_image":[{"width":1200,"height":800,"url":"https:\/\/fornoditalia.com\/wp-content\/uploads\/2020\/09\/Polpa-Caja-100g.jpg","type":"image\/jpeg"}],"twitter_card":"summary_large_image","schema":{"@context":"https:\/\/schema.org","@graph":[{"@type":"WebPage","@id":"https:\/\/fornoditalia.com\/pt-br\/produto\/polpa-di-caja\/","url":"https:\/\/fornoditalia.com\/pt-br\/produto\/polpa-di-caja\/","name":"Polpa di Caja - Forno D&#039;Italia","isPartOf":{"@id":"https:\/\/fornoditalia.com\/pt-br\/#website"},"primaryImageOfPage":{"@id":"https:\/\/fornoditalia.com\/pt-br\/produto\/polpa-di-caja\/#primaryimage"},"image":{"@id":"https:\/\/fornoditalia.com\/pt-br\/produto\/polpa-di-caja\/#primaryimage"},"thumbnailUrl":"https:\/\/fornoditalia.com\/wp-content\/uploads\/2020\/09\/Polpa-Caja-100g.jpg","datePublished":"2020-09-25T17:24:41+00:00","dateModified":"2025-04-24T13:20:02+00:00","breadcrumb":{"@id":"https:\/\/fornoditalia.com\/pt-br\/produto\/polpa-di-caja\/#breadcrumb"},"inLanguage":"pt-BR","potentialAction":[{"@type":"ReadAction","target":["https:\/\/fornoditalia.com\/pt-br\/produto\/polpa-di-caja\/"]}]},{"@type":"ImageObject","inLanguage":"pt-BR","@id":"https:\/\/fornoditalia.com\/pt-br\/produto\/polpa-di-caja\/#primaryimage","url":"https:\/\/fornoditalia.com\/wp-content\/uploads\/2020\/09\/Polpa-Caja-100g.jpg","contentUrl":"https:\/\/fornoditalia.com\/wp-content\/uploads\/2020\/09\/Polpa-Caja-100g.jpg","width":1200,"height":800},{"@type":"BreadcrumbList","@id":"https:\/\/fornoditalia.com\/pt-br\/produto\/polpa-di-caja\/#breadcrumb","itemListElement":[{"@type":"ListItem","position":1,"name":"In\u00edcio","item":"https:\/\/fornoditalia.com\/pt-br\/"},{"@type":"ListItem","position":2,"name":"Prodotti","item":"https:\/\/fornoditalia.com\/prodotti\/"},{"@type":"ListItem","position":3,"name":"Polpa di Caja"}]},{"@type":"WebSite","@id":"https:\/\/fornoditalia.com\/pt-br\/#website","url":"https:\/\/fornoditalia.com\/pt-br\/","name":"Forno D&#039;Italia","description":"P\u00e3o de Queijo","publisher":{"@id":"https:\/\/fornoditalia.com\/pt-br\/#organization"},"potentialAction":[{"@type":"SearchAction","target":{"@type":"EntryPoint","urlTemplate":"https:\/\/fornoditalia.com\/pt-br\/?s={search_term_string}"},"query-input":{"@type":"PropertyValueSpecification","valueRequired":true,"valueName":"search_term_string"}}],"inLanguage":"pt-BR"},{"@type":"Organization","@id":"https:\/\/fornoditalia.com\/pt-br\/#organization","name":"Forno D'Italia","url":"https:\/\/fornoditalia.com\/pt-br\/","logo":{"@type":"ImageObject","inLanguage":"pt-BR","@id":"https:\/\/fornoditalia.com\/pt-br\/#\/schema\/logo\/image\/","url":"https:\/\/fornoditalia.com\/wp-content\/uploads\/2020\/06\/FornoDItalia_Logo_version500.png","contentUrl":"https:\/\/fornoditalia.com\/wp-content\/uploads\/2020\/06\/FornoDItalia_Logo_version500.png","width":500,"height":263,"caption":"Forno D'Italia"},"image":{"@id":"https:\/\/fornoditalia.com\/pt-br\/#\/schema\/logo\/image\/"},"sameAs":["https:\/\/www.facebook.com\/Forno-DItalia-108001610953448\/","https:\/\/www.instagram.com\/forno.ditalia\/"]}]}},"_links":{"self":[{"href":"https:\/\/fornoditalia.com\/pt-br\/wp-json\/wp\/v2\/product\/16848","targetHints":{"allow":["GET"]}}],"collection":[{"href":"https:\/\/fornoditalia.com\/pt-br\/wp-json\/wp\/v2\/product"}],"about":[{"href":"https:\/\/fornoditalia.com\/pt-br\/wp-json\/wp\/v2\/types\/product"}],"replies":[{"embeddable":true,"href":"https:\/\/fornoditalia.com\/pt-br\/wp-json\/wp\/v2\/comments?post=16848"}],"wp:featuredmedia":[{"embeddable":true,"href":"https:\/\/fornoditalia.com\/pt-br\/wp-json\/wp\/v2\/media\/24736"}],"wp:attachment":[{"href":"https:\/\/fornoditalia.com\/pt-br\/wp-json\/wp\/v2\/media?parent=16848"}],"wp:term":[{"taxonomy":"product_brand","embeddable":true,"href":"https:\/\/fornoditalia.com\/pt-br\/wp-json\/wp\/v2\/product_brand?post=16848"},{"taxonomy":"product_cat","embeddable":true,"href":"https:\/\/fornoditalia.com\/pt-br\/wp-json\/wp\/v2\/product_cat?post=16848"},{"taxonomy":"product_tag","embeddable":true,"href":"https:\/\/fornoditalia.com\/pt-br\/wp-json\/wp\/v2\/product_tag?post=16848"}],"curies":[{"name":"wp","href":"https:\/\/api.w.org\/{rel}","templated":true}]}}