{"id":16411,"date":"2020-06-05T14:14:45","date_gmt":"2020-06-05T12:14:45","guid":{"rendered":"http:\/\/trepani.capim.me\/produto\/"},"modified":"2025-08-19T15:43:52","modified_gmt":"2025-08-19T13:43:52","slug":"pao-de-queijo","status":"publish","type":"page","link":"https:\/\/fornoditalia.com\/pt-br\/pao-de-queijo\/","title":{"rendered":"P\u00e3o de Queijo"},"content":{"rendered":"<p>[vc_row css_animation=&#8221;&#8221; row_type=&#8221;row&#8221; use_row_as_full_screen_section=&#8221;no&#8221; type=&#8221;grid&#8221; angled_section=&#8221;no&#8221; text_align=&#8221;left&#8221; background_image_as_pattern=&#8221;without_pattern&#8221; z_index=&#8221;&#8221; padding_bottom=&#8221;50&#8243; padding_top=&#8221;100&#8243;][vc_column][vc_column_text]<\/p>\n<h2 style=\"text-align: center;\">Nosso p\u00e3o de queijo<\/h2>\n<p>[\/vc_column_text][vc_empty_space height=&#8221;50px&#8221;][vc_column_text]A combina\u00e7\u00e3o e sele\u00e7\u00e3o de queijos italianos torna o <strong>p\u00e3o de queijo<\/strong> da Forno D\u2019Italia \u00fanico. \u00c9 a combina\u00e7\u00e3o perfeita entre um quitute da t\u00edpica culin\u00e1ria brasileira com ingredientes italianos de alta qualidade.<\/p>\n<p>Nosso <strong>p\u00e3o de queijo<\/strong> \u00e9 congelado e, para consumi-lo, basta ass\u00e1-lo no forno. Ele n\u00e3o cont\u00e9m gl\u00faten e \u00e9 rico em sais minerais, vitaminas e prote\u00ednas.<\/p>\n<p>Cada detalhe, desde os ingredientes at\u00e9 a embalagem, segue meticulosamente os rigorosos padr\u00f5es de uma f\u00e1brica italiana sem perder de vista a receita tradicional brasileira. Com isso, nosso compromisso \u00e9 manter a ess\u00eancia do preparo artesanal e caseiro, como se tivesse sa\u00eddo de nossa cozinha diretamente para a sua![\/vc_column_text][\/vc_column][\/vc_row][vc_row css_animation=&#8221;&#8221; row_type=&#8221;row&#8221; use_row_as_full_screen_section=&#8221;no&#8221; type=&#8221;grid&#8221; angled_section=&#8221;no&#8221; text_align=&#8221;left&#8221; background_image_as_pattern=&#8221;without_pattern&#8221; z_index=&#8221;&#8221; padding_top=&#8221;50&#8243;][vc_column css=&#8221;.vc_custom_1587574529936{border-top-width: 6px !important;border-top-color: #7a2319 !important;border-top-style: solid !important;}&#8221;][qode_elements_holder number_of_columns=&#8221;two_columns&#8221;][qode_elements_holder_item vertical_alignment=&#8221;middle&#8221; advanced_animations=&#8221;no&#8221; item_padding=&#8221;5%&#8221;][vc_single_image image=&#8221;16481&#8243; img_size=&#8221;full&#8221; alignment=&#8221;center&#8221; qode_css_animation=&#8221;&#8221;][\/qode_elements_holder_item][qode_elements_holder_item vertical_alignment=&#8221;middle&#8221; advanced_animations=&#8221;no&#8221; item_padding=&#8221;5%&#8221;][vc_column_text]<\/p>\n<h3 style=\"text-align: center;\">O que faz nosso p\u00e3o de queijo ser t\u00e3o original e gostoso?<\/h3>\n<p>[\/vc_column_text][vc_empty_space][vc_empty_space]<div class=\"q_icon_list\"><i class=\"qode_icon_font_awesome fa fa-check qode-ili-icon-holder transparent\" style=\"color: #7a2319;\" ><\/i><p style=\"color:#000000;font-size: 18px;\">Utilizamos uma receita tradicional brasileira.<\/p><\/div><div class=\"q_icon_list\"><i class=\"qode_icon_font_awesome fa fa-check qode-ili-icon-holder transparent\" style=\"color: #7a2319;\" ><\/i><p style=\"color:#000000;font-size: 18px;\">Fabricado na It\u00e1lia segundo seus rigorosos padr\u00f5es de qualidade.<\/p><\/div><div class=\"q_icon_list\"><i class=\"qode_icon_font_awesome fa fa-check qode-ili-icon-holder transparent\" style=\"color: #7a2319;\" ><\/i><p style=\"color:#000000;font-size: 18px;\">Feito com muito queijo.<\/p><\/div><div class=\"q_icon_list\"><i class=\"qode_icon_font_awesome fa fa-check qode-ili-icon-holder transparent\" style=\"color: #7a2319;\" ><\/i><p style=\"color:#000000;font-size: 18px;\">Tem recheio macio e casca crocante.<\/p><\/div><div class=\"q_icon_list\"><i class=\"qode_icon_font_awesome fa fa-check qode-ili-icon-holder transparent\" style=\"color: #7a2319;\" ><\/i><p style=\"color:#000000;font-size: 18px;\">N\u00e3o cont\u00e9m corantes ou conservantes.<\/p><\/div><div class=\"q_icon_list\"><i class=\"qode_icon_font_awesome fa fa-check qode-ili-icon-holder transparent\" style=\"color: #7a2319;\" ><\/i><p style=\"color:#000000;font-size: 18px;\">Naturalmente sem gl\u00faten.<\/p><\/div><div class=\"q_icon_list\"><i class=\"qode_icon_font_awesome fa fa-check qode-ili-icon-holder transparent\" style=\"color: #7a2319;\" ><\/i><p style=\"color:#000000;font-size: 18px;\">Sem \u00f3leo de palma.<\/p><\/div>[\/qode_elements_holder_item][\/qode_elements_holder][vc_empty_space height=&#8221;50px&#8221;][\/vc_column][\/vc_row][vc_row css_animation=&#8221;&#8221; row_type=&#8221;row&#8221; use_row_as_full_screen_section=&#8221;no&#8221; type=&#8221;grid&#8221; angled_section=&#8221;no&#8221; text_align=&#8221;left&#8221; background_image_as_pattern=&#8221;without_pattern&#8221; z_index=&#8221;&#8221; padding_bottom=&#8221;50&#8243;][vc_column][qode_elements_holder number_of_columns=&#8221;two_columns&#8221;][qode_elements_holder_item vertical_alignment=&#8221;middle&#8221; advanced_animations=&#8221;no&#8221; item_padding=&#8221;5%&#8221;][vc_column_text]<\/p>\n<h3 style=\"text-align: center;\">Como \u00e9 feito o nosso p\u00e3o de queijo?<\/h3>\n<p>[\/vc_column_text][vc_empty_space][vc_empty_space][vc_column_text]Utilizamos somente ingredientes italianos certificados, queijos de alta qualidade e, acima de tudo, ricos em vitaminas e prote\u00ednas. A farinha de mandioca \u00e9 o \u00fanico ingrediente proveniente do Brasil.<\/p>\n<p>&nbsp;<\/p>\n<p>A mandioca \u00e9 uma raiz origin\u00e1ria da Amaz\u00f4nia e foi eleita pela ONU o alimento do s\u00e9culo XXI devido \u00e0s suas propriedades anti-inflamat\u00f3ria, analg\u00e9sica, antioxidante e digestiva, al\u00e9m de possuir as vitaminas K, A, B1, B2 e C. Ela \u00e9 muito nutritiva e, por isso, \u00e9 usada frequentemente em dietas de atletas.[\/vc_column_text][\/qode_elements_holder_item][qode_elements_holder_item vertical_alignment=&#8221;middle&#8221; advanced_animations=&#8221;no&#8221; item_padding=&#8221;5%&#8221;][vc_single_image image=&#8221;16501&#8243; img_size=&#8221;full&#8221; alignment=&#8221;center&#8221; qode_css_animation=&#8221;&#8221;][\/qode_elements_holder_item][\/qode_elements_holder][vc_empty_space height=&#8221;50px&#8221;][\/vc_column][\/vc_row][vc_row css_animation=&#8221;&#8221; row_type=&#8221;row&#8221; use_row_as_full_screen_section=&#8221;no&#8221; type=&#8221;full_width&#8221; angled_section=&#8221;no&#8221; text_align=&#8221;left&#8221; background_image_as_pattern=&#8221;without_pattern&#8221; z_index=&#8221;&#8221; css=&#8221;.vc_custom_1591722265981{border-top-width: 6px !important;border-top-color: #7a2319 !important;border-top-style: solid !important;}&#8221; background_image=&#8221;16503&#8243;][vc_column][vc_empty_space height=&#8221;600px&#8221;][\/vc_column][\/vc_row][vc_row css_animation=&#8221;&#8221; row_type=&#8221;row&#8221; use_row_as_full_screen_section=&#8221;no&#8221; type=&#8221;grid&#8221; angled_section=&#8221;no&#8221; text_align=&#8221;left&#8221; background_image_as_pattern=&#8221;without_pattern&#8221; z_index=&#8221;&#8221; padding_top=&#8221;100&#8243; padding_bottom=&#8221;50&#8243; background_color=&#8221;#ddbb79&#8243; css=&#8221;.vc_custom_1587579404688{border-top-width: 6px !important;border-top-color: #7a2319 !important;border-top-style: solid !important;}&#8221;][vc_column][vc_column_text]<\/p>\n<h2 style=\"text-align: center;\">Como comer o P\u00e3o de Queijo?<\/h2>\n<p>[\/vc_column_text][vc_empty_space height=&#8221;50px&#8221;][vc_column_text]No Brasil, somos apaixonados por <strong>p\u00e3o de queijo<\/strong> e o consumimos a qualquer hora e de v\u00e1rias maneiras. Seja como for, \u00e9 um verdadeiro patrim\u00f4nio nacional.<\/p>\n<p>Por\u00e9m, como \u00e9 um produto extremamente vers\u00e1til e saboroso, pode ser consumido e adaptado a diferentes paladares do mundo, em diferentes momentos do dia e em diversas ocasi\u00f5es. Basta ass\u00e1-lo por cerca de 20 minutos no forno e voc\u00ea ter\u00e1 uma del\u00edcia r\u00e1pida e pr\u00e1tica para servir e degustar.<\/p>\n<p>O <strong>p\u00e3o de queijo<\/strong> pode ser servido s\u00f3 ou com recheios doces e salgados, conforme sua prefer\u00eancia. Pode ser recheado com salame, presunto, queijos e doces. Liberte sua criatividade e prepare sua pr\u00f3pria receita![\/vc_column_text][\/vc_column][\/vc_row][vc_row css_animation=&#8221;&#8221; row_type=&#8221;row&#8221; use_row_as_full_screen_section=&#8221;no&#8221; type=&#8221;grid&#8221; angled_section=&#8221;no&#8221; text_align=&#8221;left&#8221; background_image_as_pattern=&#8221;without_pattern&#8221; z_index=&#8221;&#8221; padding_bottom=&#8221;50&#8243; background_color=&#8221;#ddbb79&#8243;][vc_column][qode_elements_holder number_of_columns=&#8221;three_columns&#8221;][qode_elements_holder_item vertical_alignment=&#8221;top&#8221; horizontal_alignment=&#8221;center&#8221; advanced_animations=&#8221;no&#8221; item_padding=&#8221;5%&#8221;][vc_single_image image=&#8221;16511&#8243; img_size=&#8221;full&#8221; qode_css_animation=&#8221;&#8221; el_class=&#8221;.fotos&#8221;][vc_empty_space][vc_column_text]<\/p>\n<h4>Caf\u00e9 da manh\u00e3<\/h4>\n<p>[\/vc_column_text][vc_empty_space][vc_column_text]Pode ser consumido na forma salgada ou doce, recheado com cream cheese e gel\u00e9ias. Uma del\u00edcia que vale a pena experimentar![\/vc_column_text][vc_empty_space][\/qode_elements_holder_item][qode_elements_holder_item vertical_alignment=&#8221;top&#8221; horizontal_alignment=&#8221;center&#8221; advanced_animations=&#8221;no&#8221; item_padding=&#8221;5%&#8221;][vc_single_image image=&#8221;16514&#8243; img_size=&#8221;full&#8221; qode_css_animation=&#8221;&#8221; el_class=&#8221;fotos&#8221;][vc_empty_space][vc_column_text]<\/p>\n<h4>Merenda: uma solu\u00e7\u00e3o r\u00e1pida e deliciosa<\/h4>\n<p>[\/vc_column_text][vc_empty_space][vc_column_text]Sentiu aquela fominha e n\u00e3o tem ideia do que comer? Um <strong>p\u00e3o de queijo<\/strong> simples ou recheado acabar\u00e1 r\u00e1pida e deliciosamente com a fome de sua fam\u00edlia. \u00c9 tamb\u00e9m uma \u00f3tima op\u00e7\u00e3o para anivers\u00e1rios infantis, pois as crian\u00e7as v\u00e3o amar esse petisco macio e quentinho.[\/vc_column_text][vc_empty_space][\/qode_elements_holder_item][qode_elements_holder_item vertical_alignment=&#8221;top&#8221; horizontal_alignment=&#8221;center&#8221; advanced_animations=&#8221;no&#8221; item_padding=&#8221;5%&#8221;][vc_single_image image=&#8221;16508&#8243; img_size=&#8221;full&#8221; qode_css_animation=&#8221;&#8221; el_class=&#8221;fotos&#8221;][vc_empty_space][vc_column_text]<\/p>\n<h4>Aperitivo e drinks<\/h4>\n<p>[\/vc_column_text][vc_empty_space][vc_column_text]Voc\u00ea pode consumi-lo com sua bebida preferida (suco de frutas, vinho, cerveja) e, para melhor acompanhar, pode reche\u00e1-lo com presunto, mortadela, salame, queijos e o que mais voc\u00ea imaginar. Com certeza esse aperitivo vai fazer sucesso em sua festa ou confraterniza\u00e7\u00e3o.[\/vc_column_text][vc_empty_space][\/qode_elements_holder_item][\/qode_elements_holder][vc_empty_space height=&#8221;25px&#8221;][\/vc_column][\/vc_row][vc_row css_animation=&#8221;&#8221; row_type=&#8221;row&#8221; use_row_as_full_screen_section=&#8221;no&#8221; type=&#8221;grid&#8221; angled_section=&#8221;no&#8221; text_align=&#8221;left&#8221; background_image_as_pattern=&#8221;without_pattern&#8221; z_index=&#8221;&#8221; padding_top=&#8221;100&#8243; padding_bottom=&#8221;100&#8243; css=&#8221;.vc_custom_1587577194943{border-top-width: 6px !important;border-top-color: #7a2319 !important;border-top-style: solid !important;}&#8221;][vc_column][vc_column_text]<\/p>\n<h2 style=\"text-align: center;\">Como preparar seus p\u00e3es de queijo?<\/h2>\n<p>[\/vc_column_text][vc_empty_space][vc_column_text]<\/p>\n<p style=\"text-align: center;\">\u00c9 muito simples. Para assar seu <strong>p\u00e3o de queijo<\/strong> congelado, fa\u00e7a o seguinte:<\/p>\n<p>[\/vc_column_text][vc_empty_space][vc_column_text css=&#8221;.vc_custom_1594148607460{padding-right: 15% !important;padding-left: 15% !important;}&#8221;]<\/p>\n<ol>\n<li>Pr\u00e9-aque\u00e7a o n\u00edvel superior e inferior do forno est\u00e1tico a 180\u00b0 C.<\/li>\n<li>Disponha os p\u00e3es de queijo congelados na assadeira deixando um espa\u00e7o de 2 cm entre eles.<\/li>\n<li>Coloque a assadeira no forno e deixe assar por 20 a 25 minutos at\u00e9 que os p\u00e3es fiquem dourados <span style=\"text-decoration: underline;\">(n\u00e3o usar forno de microondas)<\/span>.<\/li>\n<\/ol>\n<p>[\/vc_column_text][\/vc_column][\/vc_row]<\/p>\n","protected":false},"excerpt":{"rendered":"<p>[vc_row css_animation=&#8221;&#8221; row_type=&#8221;row&#8221; use_row_as_full_screen_section=&#8221;no&#8221; type=&#8221;grid&#8221; angled_section=&#8221;no&#8221; text_align=&#8221;left&#8221; background_image_as_pattern=&#8221;without_pattern&#8221; z_index=&#8221;&#8221; padding_bottom=&#8221;50&#8243; padding_top=&#8221;100&#8243;][vc_column][vc_column_text] Nosso p\u00e3o de queijo [\/vc_column_text][vc_empty_space height=&#8221;50px&#8221;][vc_column_text]A combina\u00e7\u00e3o e sele\u00e7\u00e3o de queijos italianos torna o p\u00e3o de queijo da Forno D\u2019Italia \u00fanico. \u00c9 a combina\u00e7\u00e3o perfeita entre um quitute da t\u00edpica culin\u00e1ria brasileira com ingredientes&#8230;<\/p>\n","protected":false},"author":1,"featured_media":16628,"parent":0,"menu_order":0,"comment_status":"closed","ping_status":"closed","template":"full_width.php","meta":{"footnotes":""},"class_list":["post-16411","page","type-page","status-publish","has-post-thumbnail","hentry"],"yoast_head":"<!-- This site is optimized with the Yoast SEO plugin v27.4 - https:\/\/yoast.com\/product\/yoast-seo-wordpress\/ -->\n<title>P\u00e3o de Queijo - Forno D&#039;Italia<\/title>\n<meta name=\"description\" content=\"Noi di Forno D\u2019Italia produciamo il p\u00e3o de queijo seguendo la ricetta originale brasiliana, ma utilizzando ingredienti italiani di alta qualit\u00e0.\" \/>\n<meta name=\"robots\" content=\"index, follow, max-snippet:-1, max-image-preview:large, max-video-preview:-1\" \/>\n<link rel=\"canonical\" href=\"https:\/\/fornoditalia.com\/pt-br\/pao-de-queijo\/\" \/>\n<meta property=\"og:locale\" content=\"pt_BR\" \/>\n<meta property=\"og:type\" content=\"article\" \/>\n<meta property=\"og:title\" content=\"Forno D&#039;Italia - P\u00e3o de Queijo\" \/>\n<meta property=\"og:description\" content=\"Noi di Forno D\u2019Italia produciamo il p\u00e3o de queijo seguendo la ricetta originale brasiliana, ma utilizzando ingredienti italiani di alta qualit\u00e0.\" \/>\n<meta property=\"og:url\" content=\"https:\/\/fornoditalia.com\/pt-br\/pao-de-queijo\/\" \/>\n<meta property=\"og:site_name\" content=\"Forno D&#039;Italia\" \/>\n<meta property=\"article:publisher\" content=\"https:\/\/www.facebook.com\/Forno-DItalia-108001610953448\/\" \/>\n<meta property=\"article:modified_time\" content=\"2025-08-19T13:43:52+00:00\" \/>\n<meta property=\"og:image\" content=\"https:\/\/fornoditalia.com\/wp-content\/uploads\/2020\/07\/yoastfb.png\" \/>\n<meta name=\"twitter:card\" content=\"summary_large_image\" \/>\n<meta name=\"twitter:title\" content=\"Forno D&#039;Italia - P\u00e3o de Queijo\" \/>\n<meta name=\"twitter:image\" content=\"https:\/\/fornoditalia.com\/wp-content\/uploads\/2020\/07\/yoasttw.png\" \/>\n<meta name=\"twitter:label1\" content=\"Est. tempo de leitura\" \/>\n\t<meta name=\"twitter:data1\" content=\"5 minutos\" \/>\n<script type=\"application\/ld+json\" class=\"yoast-schema-graph\">{\"@context\":\"https:\\\/\\\/schema.org\",\"@graph\":[{\"@type\":\"WebPage\",\"@id\":\"https:\\\/\\\/fornoditalia.com\\\/pt-br\\\/pao-de-queijo\\\/\",\"url\":\"https:\\\/\\\/fornoditalia.com\\\/pt-br\\\/pao-de-queijo\\\/\",\"name\":\"P\u00e3o de Queijo - Forno D&#039;Italia\",\"isPartOf\":{\"@id\":\"https:\\\/\\\/fornoditalia.com\\\/pt-br\\\/#website\"},\"primaryImageOfPage\":{\"@id\":\"https:\\\/\\\/fornoditalia.com\\\/pt-br\\\/pao-de-queijo\\\/#primaryimage\"},\"image\":{\"@id\":\"https:\\\/\\\/fornoditalia.com\\\/pt-br\\\/pao-de-queijo\\\/#primaryimage\"},\"thumbnailUrl\":\"https:\\\/\\\/fornoditalia.com\\\/wp-content\\\/uploads\\\/2020\\\/07\\\/yoastfb.png\",\"datePublished\":\"2020-06-05T12:14:45+00:00\",\"dateModified\":\"2025-08-19T13:43:52+00:00\",\"description\":\"Noi di Forno D\u2019Italia produciamo il p\u00e3o de queijo seguendo la ricetta originale brasiliana, ma utilizzando ingredienti italiani di alta qualit\u00e0.\",\"breadcrumb\":{\"@id\":\"https:\\\/\\\/fornoditalia.com\\\/pt-br\\\/pao-de-queijo\\\/#breadcrumb\"},\"inLanguage\":\"pt-BR\",\"potentialAction\":[{\"@type\":\"ReadAction\",\"target\":[\"https:\\\/\\\/fornoditalia.com\\\/pt-br\\\/pao-de-queijo\\\/\"]}]},{\"@type\":\"ImageObject\",\"inLanguage\":\"pt-BR\",\"@id\":\"https:\\\/\\\/fornoditalia.com\\\/pt-br\\\/pao-de-queijo\\\/#primaryimage\",\"url\":\"https:\\\/\\\/fornoditalia.com\\\/wp-content\\\/uploads\\\/2020\\\/07\\\/yoastfb.png\",\"contentUrl\":\"https:\\\/\\\/fornoditalia.com\\\/wp-content\\\/uploads\\\/2020\\\/07\\\/yoastfb.png\",\"width\":1200,\"height\":630},{\"@type\":\"BreadcrumbList\",\"@id\":\"https:\\\/\\\/fornoditalia.com\\\/pt-br\\\/pao-de-queijo\\\/#breadcrumb\",\"itemListElement\":[{\"@type\":\"ListItem\",\"position\":1,\"name\":\"In\u00edcio\",\"item\":\"https:\\\/\\\/fornoditalia.com\\\/pt-br\\\/\"},{\"@type\":\"ListItem\",\"position\":2,\"name\":\"P\u00e3o de Queijo\"}]},{\"@type\":\"WebSite\",\"@id\":\"https:\\\/\\\/fornoditalia.com\\\/pt-br\\\/#website\",\"url\":\"https:\\\/\\\/fornoditalia.com\\\/pt-br\\\/\",\"name\":\"Forno D&#039;Italia\",\"description\":\"P\u00e3o de Queijo\",\"publisher\":{\"@id\":\"https:\\\/\\\/fornoditalia.com\\\/pt-br\\\/#organization\"},\"potentialAction\":[{\"@type\":\"SearchAction\",\"target\":{\"@type\":\"EntryPoint\",\"urlTemplate\":\"https:\\\/\\\/fornoditalia.com\\\/pt-br\\\/?s={search_term_string}\"},\"query-input\":{\"@type\":\"PropertyValueSpecification\",\"valueRequired\":true,\"valueName\":\"search_term_string\"}}],\"inLanguage\":\"pt-BR\"},{\"@type\":\"Organization\",\"@id\":\"https:\\\/\\\/fornoditalia.com\\\/pt-br\\\/#organization\",\"name\":\"Forno D'Italia\",\"url\":\"https:\\\/\\\/fornoditalia.com\\\/pt-br\\\/\",\"logo\":{\"@type\":\"ImageObject\",\"inLanguage\":\"pt-BR\",\"@id\":\"https:\\\/\\\/fornoditalia.com\\\/pt-br\\\/#\\\/schema\\\/logo\\\/image\\\/\",\"url\":\"https:\\\/\\\/fornoditalia.com\\\/wp-content\\\/uploads\\\/2020\\\/06\\\/FornoDItalia_Logo_version500.png\",\"contentUrl\":\"https:\\\/\\\/fornoditalia.com\\\/wp-content\\\/uploads\\\/2020\\\/06\\\/FornoDItalia_Logo_version500.png\",\"width\":500,\"height\":263,\"caption\":\"Forno D'Italia\"},\"image\":{\"@id\":\"https:\\\/\\\/fornoditalia.com\\\/pt-br\\\/#\\\/schema\\\/logo\\\/image\\\/\"},\"sameAs\":[\"https:\\\/\\\/www.facebook.com\\\/Forno-DItalia-108001610953448\\\/\",\"https:\\\/\\\/www.instagram.com\\\/forno.ditalia\\\/\"]}]}<\/script>\n<!-- \/ Yoast SEO plugin. -->","yoast_head_json":{"title":"P\u00e3o de Queijo - Forno D&#039;Italia","description":"Noi di Forno D\u2019Italia produciamo il p\u00e3o de queijo seguendo la ricetta originale brasiliana, ma utilizzando ingredienti italiani di alta qualit\u00e0.","robots":{"index":"index","follow":"follow","max-snippet":"max-snippet:-1","max-image-preview":"max-image-preview:large","max-video-preview":"max-video-preview:-1"},"canonical":"https:\/\/fornoditalia.com\/pt-br\/pao-de-queijo\/","og_locale":"pt_BR","og_type":"article","og_title":"Forno D'Italia - P\u00e3o de Queijo","og_description":"Noi di Forno D\u2019Italia produciamo il p\u00e3o de queijo seguendo la ricetta originale brasiliana, ma utilizzando ingredienti italiani di alta qualit\u00e0.","og_url":"https:\/\/fornoditalia.com\/pt-br\/pao-de-queijo\/","og_site_name":"Forno D&#039;Italia","article_publisher":"https:\/\/www.facebook.com\/Forno-DItalia-108001610953448\/","article_modified_time":"2025-08-19T13:43:52+00:00","og_image":[{"url":"https:\/\/fornoditalia.com\/wp-content\/uploads\/2020\/07\/yoastfb.png","type":"","width":"","height":""}],"twitter_card":"summary_large_image","twitter_title":"Forno D'Italia - P\u00e3o de Queijo","twitter_image":"https:\/\/fornoditalia.com\/wp-content\/uploads\/2020\/07\/yoasttw.png","twitter_misc":{"Est. tempo de leitura":"5 minutos"},"schema":{"@context":"https:\/\/schema.org","@graph":[{"@type":"WebPage","@id":"https:\/\/fornoditalia.com\/pt-br\/pao-de-queijo\/","url":"https:\/\/fornoditalia.com\/pt-br\/pao-de-queijo\/","name":"P\u00e3o de Queijo - Forno D&#039;Italia","isPartOf":{"@id":"https:\/\/fornoditalia.com\/pt-br\/#website"},"primaryImageOfPage":{"@id":"https:\/\/fornoditalia.com\/pt-br\/pao-de-queijo\/#primaryimage"},"image":{"@id":"https:\/\/fornoditalia.com\/pt-br\/pao-de-queijo\/#primaryimage"},"thumbnailUrl":"https:\/\/fornoditalia.com\/wp-content\/uploads\/2020\/07\/yoastfb.png","datePublished":"2020-06-05T12:14:45+00:00","dateModified":"2025-08-19T13:43:52+00:00","description":"Noi di Forno D\u2019Italia produciamo il p\u00e3o de queijo seguendo la ricetta originale brasiliana, ma utilizzando ingredienti italiani di alta qualit\u00e0.","breadcrumb":{"@id":"https:\/\/fornoditalia.com\/pt-br\/pao-de-queijo\/#breadcrumb"},"inLanguage":"pt-BR","potentialAction":[{"@type":"ReadAction","target":["https:\/\/fornoditalia.com\/pt-br\/pao-de-queijo\/"]}]},{"@type":"ImageObject","inLanguage":"pt-BR","@id":"https:\/\/fornoditalia.com\/pt-br\/pao-de-queijo\/#primaryimage","url":"https:\/\/fornoditalia.com\/wp-content\/uploads\/2020\/07\/yoastfb.png","contentUrl":"https:\/\/fornoditalia.com\/wp-content\/uploads\/2020\/07\/yoastfb.png","width":1200,"height":630},{"@type":"BreadcrumbList","@id":"https:\/\/fornoditalia.com\/pt-br\/pao-de-queijo\/#breadcrumb","itemListElement":[{"@type":"ListItem","position":1,"name":"In\u00edcio","item":"https:\/\/fornoditalia.com\/pt-br\/"},{"@type":"ListItem","position":2,"name":"P\u00e3o de Queijo"}]},{"@type":"WebSite","@id":"https:\/\/fornoditalia.com\/pt-br\/#website","url":"https:\/\/fornoditalia.com\/pt-br\/","name":"Forno D&#039;Italia","description":"P\u00e3o de Queijo","publisher":{"@id":"https:\/\/fornoditalia.com\/pt-br\/#organization"},"potentialAction":[{"@type":"SearchAction","target":{"@type":"EntryPoint","urlTemplate":"https:\/\/fornoditalia.com\/pt-br\/?s={search_term_string}"},"query-input":{"@type":"PropertyValueSpecification","valueRequired":true,"valueName":"search_term_string"}}],"inLanguage":"pt-BR"},{"@type":"Organization","@id":"https:\/\/fornoditalia.com\/pt-br\/#organization","name":"Forno D'Italia","url":"https:\/\/fornoditalia.com\/pt-br\/","logo":{"@type":"ImageObject","inLanguage":"pt-BR","@id":"https:\/\/fornoditalia.com\/pt-br\/#\/schema\/logo\/image\/","url":"https:\/\/fornoditalia.com\/wp-content\/uploads\/2020\/06\/FornoDItalia_Logo_version500.png","contentUrl":"https:\/\/fornoditalia.com\/wp-content\/uploads\/2020\/06\/FornoDItalia_Logo_version500.png","width":500,"height":263,"caption":"Forno D'Italia"},"image":{"@id":"https:\/\/fornoditalia.com\/pt-br\/#\/schema\/logo\/image\/"},"sameAs":["https:\/\/www.facebook.com\/Forno-DItalia-108001610953448\/","https:\/\/www.instagram.com\/forno.ditalia\/"]}]}},"_links":{"self":[{"href":"https:\/\/fornoditalia.com\/pt-br\/wp-json\/wp\/v2\/pages\/16411","targetHints":{"allow":["GET"]}}],"collection":[{"href":"https:\/\/fornoditalia.com\/pt-br\/wp-json\/wp\/v2\/pages"}],"about":[{"href":"https:\/\/fornoditalia.com\/pt-br\/wp-json\/wp\/v2\/types\/page"}],"author":[{"embeddable":true,"href":"https:\/\/fornoditalia.com\/pt-br\/wp-json\/wp\/v2\/users\/1"}],"replies":[{"embeddable":true,"href":"https:\/\/fornoditalia.com\/pt-br\/wp-json\/wp\/v2\/comments?post=16411"}],"version-history":[{"count":0,"href":"https:\/\/fornoditalia.com\/pt-br\/wp-json\/wp\/v2\/pages\/16411\/revisions"}],"wp:featuredmedia":[{"embeddable":true,"href":"https:\/\/fornoditalia.com\/pt-br\/wp-json\/wp\/v2\/media\/16628"}],"wp:attachment":[{"href":"https:\/\/fornoditalia.com\/pt-br\/wp-json\/wp\/v2\/media?parent=16411"}],"curies":[{"name":"wp","href":"https:\/\/api.w.org\/{rel}","templated":true}]}}