{"id":16398,"date":"2020-06-04T22:07:38","date_gmt":"2020-06-04T20:07:38","guid":{"rendered":"http:\/\/trepani.capim.me\/quem-somos\/"},"modified":"2020-07-07T19:23:02","modified_gmt":"2020-07-07T17:23:02","slug":"quem-somos","status":"publish","type":"page","link":"https:\/\/fornoditalia.com\/pt-br\/quem-somos\/","title":{"rendered":"Quem somos"},"content":{"rendered":"<p>[vc_row css_animation=&#8221;&#8221; row_type=&#8221;row&#8221; use_row_as_full_screen_section=&#8221;no&#8221; type=&#8221;full_width&#8221; angled_section=&#8221;no&#8221; text_align=&#8221;left&#8221; background_image_as_pattern=&#8221;without_pattern&#8221; z_index=&#8221;&#8221; padding_top=&#8221;50&#8243; padding_bottom=&#8221;150&#8243;][vc_column][vc_column_text]<\/p>\n<h2 style=\"text-align: center;\"><strong>Uma f\u00e1brica <\/strong><strong>italiana<\/strong><strong>de p\u00e3o de queijo<\/strong><\/h2>\n<p>[\/vc_column_text][vc_empty_space height=&#8221;50px&#8221;][vc_column_text]A Forno D\u2019Italia \u00e9 uma ind\u00fastria de <strong>p\u00e3o de queijo<\/strong> congelado de sabor \u00fanico e inconfund\u00edvel. Nasceu do encontro de quatro empres\u00e1rios \u00edtalo-brasileiros apaixonados pela cozinha brasileira e italiana. Eles aprenderam e conservaram o amor pela cultura e pela tradi\u00e7\u00e3o italiana transmitida na conviv\u00eancia com seus antepassados.<\/p>\n<p>&nbsp;<\/p>\n<p>Gostar\u00edamos, assim, de retribuir e homenagear nossos familiares italianos que foram ao Brasil com esperan\u00e7a e vontade de trabalhar, pois nosso maior desejo \u00e9 oferecer a voc\u00ea o gostinho tradicional e artesanal do nosso famoso <strong>p\u00e3o de queijo<\/strong>.<\/p>\n<p>&nbsp;<\/p>\n<p>Nosso desejo \u00e9 divulgar a riqueza da culin\u00e1ria e da cultura do Brasil pela introdu\u00e7\u00e3o de um produto t\u00edpico que, por sua versatilidade, pode ser facilmente inclu\u00eddo no cotidiano alimentar de muitos outros pa\u00edses.<\/p>\n<p>&nbsp;<\/p>\n<p>Nosso produto \u00e9 feito a partir de uma receita caseira, mas que atende a todas as normas da ind\u00fastria italiana. Dessa forma, voc\u00ea pode experimentar essa iguaria contando com o rigor e a seguran\u00e7a t\u00e3o valorizados aqui na It\u00e1lia. O <strong>p\u00e3o de queijo<\/strong> \u00e9 uma paix\u00e3o nacional brasileira que queremos que voc\u00ea conhe\u00e7a e que se encante tanto quanto n\u00f3s![\/vc_column_text][\/vc_column][\/vc_row]<\/p>\n","protected":false},"excerpt":{"rendered":"<p>[vc_row css_animation=&#8221;&#8221; row_type=&#8221;row&#8221; use_row_as_full_screen_section=&#8221;no&#8221; type=&#8221;full_width&#8221; angled_section=&#8221;no&#8221; text_align=&#8221;left&#8221; background_image_as_pattern=&#8221;without_pattern&#8221; z_index=&#8221;&#8221; padding_top=&#8221;50&#8243; padding_bottom=&#8221;150&#8243;][vc_column][vc_column_text] Uma f\u00e1brica italianade p\u00e3o de queijo [\/vc_column_text][vc_empty_space height=&#8221;50px&#8221;][vc_column_text]A Forno D\u2019Italia \u00e9 uma ind\u00fastria de p\u00e3o de queijo congelado de sabor \u00fanico e inconfund\u00edvel. Nasceu do encontro de quatro empres\u00e1rios \u00edtalo-brasileiros apaixonados pela cozinha brasileira&#8230;<\/p>\n","protected":false},"author":1,"featured_media":0,"parent":0,"menu_order":0,"comment_status":"closed","ping_status":"closed","template":"","meta":{"footnotes":""},"class_list":["post-16398","page","type-page","status-publish","hentry"],"yoast_head":"<!-- This site is optimized with the Yoast SEO plugin v27.4 - https:\/\/yoast.com\/product\/yoast-seo-wordpress\/ -->\n<title>Quem somos - Forno D&#039;Italia<\/title>\n<meta name=\"description\" content=\"Noi di Forno D\u2019Italia produciamo il p\u00e3o de queijo seguendo la ricetta originale brasiliana, ma utilizzando ingredienti italiani di alta qualit\u00e0.\" \/>\n<meta name=\"robots\" content=\"index, follow, max-snippet:-1, max-image-preview:large, max-video-preview:-1\" \/>\n<link rel=\"canonical\" href=\"https:\/\/fornoditalia.com\/pt-br\/quem-somos\/\" \/>\n<meta property=\"og:locale\" content=\"pt_BR\" \/>\n<meta property=\"og:type\" content=\"article\" \/>\n<meta property=\"og:title\" content=\"Quem somos - Forno D&#039;Italia\" \/>\n<meta property=\"og:description\" content=\"Noi di Forno D\u2019Italia produciamo il p\u00e3o de queijo seguendo la ricetta originale brasiliana, ma utilizzando ingredienti italiani di alta qualit\u00e0.\" \/>\n<meta property=\"og:url\" content=\"https:\/\/fornoditalia.com\/pt-br\/quem-somos\/\" \/>\n<meta property=\"og:site_name\" content=\"Forno D&#039;Italia\" \/>\n<meta property=\"article:publisher\" content=\"https:\/\/www.facebook.com\/Forno-DItalia-108001610953448\/\" \/>\n<meta property=\"article:modified_time\" content=\"2020-07-07T17:23:02+00:00\" \/>\n<meta property=\"og:image\" content=\"https:\/\/fornoditalia.com\/wp-content\/uploads\/2020\/07\/yoastfb.png\" \/>\n\t<meta property=\"og:image:width\" content=\"1200\" \/>\n\t<meta property=\"og:image:height\" content=\"630\" \/>\n\t<meta property=\"og:image:type\" content=\"image\/png\" \/>\n<meta name=\"twitter:card\" content=\"summary_large_image\" \/>\n<meta name=\"twitter:label1\" content=\"Est. tempo de leitura\" \/>\n\t<meta name=\"twitter:data1\" content=\"1 minuto\" \/>\n<script type=\"application\/ld+json\" class=\"yoast-schema-graph\">{\"@context\":\"https:\\\/\\\/schema.org\",\"@graph\":[{\"@type\":\"WebPage\",\"@id\":\"https:\\\/\\\/fornoditalia.com\\\/pt-br\\\/quem-somos\\\/\",\"url\":\"https:\\\/\\\/fornoditalia.com\\\/pt-br\\\/quem-somos\\\/\",\"name\":\"Quem somos - Forno D&#039;Italia\",\"isPartOf\":{\"@id\":\"https:\\\/\\\/fornoditalia.com\\\/pt-br\\\/#website\"},\"datePublished\":\"2020-06-04T20:07:38+00:00\",\"dateModified\":\"2020-07-07T17:23:02+00:00\",\"description\":\"Noi di Forno D\u2019Italia produciamo il p\u00e3o de queijo seguendo la ricetta originale brasiliana, ma utilizzando ingredienti italiani di alta qualit\u00e0.\",\"breadcrumb\":{\"@id\":\"https:\\\/\\\/fornoditalia.com\\\/pt-br\\\/quem-somos\\\/#breadcrumb\"},\"inLanguage\":\"pt-BR\",\"potentialAction\":[{\"@type\":\"ReadAction\",\"target\":[\"https:\\\/\\\/fornoditalia.com\\\/pt-br\\\/quem-somos\\\/\"]}]},{\"@type\":\"BreadcrumbList\",\"@id\":\"https:\\\/\\\/fornoditalia.com\\\/pt-br\\\/quem-somos\\\/#breadcrumb\",\"itemListElement\":[{\"@type\":\"ListItem\",\"position\":1,\"name\":\"In\u00edcio\",\"item\":\"https:\\\/\\\/fornoditalia.com\\\/pt-br\\\/\"},{\"@type\":\"ListItem\",\"position\":2,\"name\":\"Quem somos\"}]},{\"@type\":\"WebSite\",\"@id\":\"https:\\\/\\\/fornoditalia.com\\\/pt-br\\\/#website\",\"url\":\"https:\\\/\\\/fornoditalia.com\\\/pt-br\\\/\",\"name\":\"Forno D&#039;Italia\",\"description\":\"P\u00e3o de Queijo\",\"publisher\":{\"@id\":\"https:\\\/\\\/fornoditalia.com\\\/pt-br\\\/#organization\"},\"potentialAction\":[{\"@type\":\"SearchAction\",\"target\":{\"@type\":\"EntryPoint\",\"urlTemplate\":\"https:\\\/\\\/fornoditalia.com\\\/pt-br\\\/?s={search_term_string}\"},\"query-input\":{\"@type\":\"PropertyValueSpecification\",\"valueRequired\":true,\"valueName\":\"search_term_string\"}}],\"inLanguage\":\"pt-BR\"},{\"@type\":\"Organization\",\"@id\":\"https:\\\/\\\/fornoditalia.com\\\/pt-br\\\/#organization\",\"name\":\"Forno D'Italia\",\"url\":\"https:\\\/\\\/fornoditalia.com\\\/pt-br\\\/\",\"logo\":{\"@type\":\"ImageObject\",\"inLanguage\":\"pt-BR\",\"@id\":\"https:\\\/\\\/fornoditalia.com\\\/pt-br\\\/#\\\/schema\\\/logo\\\/image\\\/\",\"url\":\"https:\\\/\\\/fornoditalia.com\\\/wp-content\\\/uploads\\\/2020\\\/06\\\/FornoDItalia_Logo_version500.png\",\"contentUrl\":\"https:\\\/\\\/fornoditalia.com\\\/wp-content\\\/uploads\\\/2020\\\/06\\\/FornoDItalia_Logo_version500.png\",\"width\":500,\"height\":263,\"caption\":\"Forno D'Italia\"},\"image\":{\"@id\":\"https:\\\/\\\/fornoditalia.com\\\/pt-br\\\/#\\\/schema\\\/logo\\\/image\\\/\"},\"sameAs\":[\"https:\\\/\\\/www.facebook.com\\\/Forno-DItalia-108001610953448\\\/\",\"https:\\\/\\\/www.instagram.com\\\/forno.ditalia\\\/\"]}]}<\/script>\n<!-- \/ Yoast SEO plugin. -->","yoast_head_json":{"title":"Quem somos - Forno D&#039;Italia","description":"Noi di Forno D\u2019Italia produciamo il p\u00e3o de queijo seguendo la ricetta originale brasiliana, ma utilizzando ingredienti italiani di alta qualit\u00e0.","robots":{"index":"index","follow":"follow","max-snippet":"max-snippet:-1","max-image-preview":"max-image-preview:large","max-video-preview":"max-video-preview:-1"},"canonical":"https:\/\/fornoditalia.com\/pt-br\/quem-somos\/","og_locale":"pt_BR","og_type":"article","og_title":"Quem somos - Forno D&#039;Italia","og_description":"Noi di Forno D\u2019Italia produciamo il p\u00e3o de queijo seguendo la ricetta originale brasiliana, ma utilizzando ingredienti italiani di alta qualit\u00e0.","og_url":"https:\/\/fornoditalia.com\/pt-br\/quem-somos\/","og_site_name":"Forno D&#039;Italia","article_publisher":"https:\/\/www.facebook.com\/Forno-DItalia-108001610953448\/","article_modified_time":"2020-07-07T17:23:02+00:00","og_image":[{"width":1200,"height":630,"url":"https:\/\/fornoditalia.com\/wp-content\/uploads\/2020\/07\/yoastfb.png","type":"image\/png"}],"twitter_card":"summary_large_image","twitter_misc":{"Est. tempo de leitura":"1 minuto"},"schema":{"@context":"https:\/\/schema.org","@graph":[{"@type":"WebPage","@id":"https:\/\/fornoditalia.com\/pt-br\/quem-somos\/","url":"https:\/\/fornoditalia.com\/pt-br\/quem-somos\/","name":"Quem somos - Forno D&#039;Italia","isPartOf":{"@id":"https:\/\/fornoditalia.com\/pt-br\/#website"},"datePublished":"2020-06-04T20:07:38+00:00","dateModified":"2020-07-07T17:23:02+00:00","description":"Noi di Forno D\u2019Italia produciamo il p\u00e3o de queijo seguendo la ricetta originale brasiliana, ma utilizzando ingredienti italiani di alta qualit\u00e0.","breadcrumb":{"@id":"https:\/\/fornoditalia.com\/pt-br\/quem-somos\/#breadcrumb"},"inLanguage":"pt-BR","potentialAction":[{"@type":"ReadAction","target":["https:\/\/fornoditalia.com\/pt-br\/quem-somos\/"]}]},{"@type":"BreadcrumbList","@id":"https:\/\/fornoditalia.com\/pt-br\/quem-somos\/#breadcrumb","itemListElement":[{"@type":"ListItem","position":1,"name":"In\u00edcio","item":"https:\/\/fornoditalia.com\/pt-br\/"},{"@type":"ListItem","position":2,"name":"Quem somos"}]},{"@type":"WebSite","@id":"https:\/\/fornoditalia.com\/pt-br\/#website","url":"https:\/\/fornoditalia.com\/pt-br\/","name":"Forno D&#039;Italia","description":"P\u00e3o de Queijo","publisher":{"@id":"https:\/\/fornoditalia.com\/pt-br\/#organization"},"potentialAction":[{"@type":"SearchAction","target":{"@type":"EntryPoint","urlTemplate":"https:\/\/fornoditalia.com\/pt-br\/?s={search_term_string}"},"query-input":{"@type":"PropertyValueSpecification","valueRequired":true,"valueName":"search_term_string"}}],"inLanguage":"pt-BR"},{"@type":"Organization","@id":"https:\/\/fornoditalia.com\/pt-br\/#organization","name":"Forno D'Italia","url":"https:\/\/fornoditalia.com\/pt-br\/","logo":{"@type":"ImageObject","inLanguage":"pt-BR","@id":"https:\/\/fornoditalia.com\/pt-br\/#\/schema\/logo\/image\/","url":"https:\/\/fornoditalia.com\/wp-content\/uploads\/2020\/06\/FornoDItalia_Logo_version500.png","contentUrl":"https:\/\/fornoditalia.com\/wp-content\/uploads\/2020\/06\/FornoDItalia_Logo_version500.png","width":500,"height":263,"caption":"Forno D'Italia"},"image":{"@id":"https:\/\/fornoditalia.com\/pt-br\/#\/schema\/logo\/image\/"},"sameAs":["https:\/\/www.facebook.com\/Forno-DItalia-108001610953448\/","https:\/\/www.instagram.com\/forno.ditalia\/"]}]}},"_links":{"self":[{"href":"https:\/\/fornoditalia.com\/pt-br\/wp-json\/wp\/v2\/pages\/16398","targetHints":{"allow":["GET"]}}],"collection":[{"href":"https:\/\/fornoditalia.com\/pt-br\/wp-json\/wp\/v2\/pages"}],"about":[{"href":"https:\/\/fornoditalia.com\/pt-br\/wp-json\/wp\/v2\/types\/page"}],"author":[{"embeddable":true,"href":"https:\/\/fornoditalia.com\/pt-br\/wp-json\/wp\/v2\/users\/1"}],"replies":[{"embeddable":true,"href":"https:\/\/fornoditalia.com\/pt-br\/wp-json\/wp\/v2\/comments?post=16398"}],"version-history":[{"count":0,"href":"https:\/\/fornoditalia.com\/pt-br\/wp-json\/wp\/v2\/pages\/16398\/revisions"}],"wp:attachment":[{"href":"https:\/\/fornoditalia.com\/pt-br\/wp-json\/wp\/v2\/media?parent=16398"}],"curies":[{"name":"wp","href":"https:\/\/api.w.org\/{rel}","templated":true}]}}