{"id":16849,"date":"2020-09-25T19:28:18","date_gmt":"2020-09-25T17:28:18","guid":{"rendered":"https:\/\/fornoditalia.com\/?post_type=product&#038;p=16849"},"modified":"2025-04-24T15:19:53","modified_gmt":"2025-04-24T13:19:53","slug":"polpa-di-cupuacu","status":"publish","type":"product","link":"https:\/\/fornoditalia.com\/en\/produto\/polpa-di-cupuacu\/","title":{"rendered":"Polpa di Cupua\u00e7u"},"content":{"rendered":"","protected":false},"excerpt":{"rendered":"<p>Il cupua\u00e7u \u00e8 molto popolare sotto forma di succhi, gelati e frullati. La sua polpa contiene ottime caratteristiche e livelli medi di fosforo e vitamina C.<\/p>\n<p>Busta di 100g.<\/p>\n","protected":false},"featured_media":24732,"comment_status":"open","ping_status":"closed","template":"","meta":{"wds_primary_product_brand":0,"wds_primary_product_cat":0},"product_brand":[],"product_cat":[97],"product_tag":[],"class_list":{"0":"post-16849","1":"product","2":"type-product","3":"status-publish","4":"has-post-thumbnail","6":"product_cat-polpe","8":"first","9":"instock","10":"shipping-taxable","11":"purchasable","12":"product-type-simple"},"yoast_head":"<!-- This site is optimized with the Yoast SEO plugin v27.3 - https:\/\/yoast.com\/product\/yoast-seo-wordpress\/ -->\n<title>Polpa di Cupua\u00e7u - Forno D&#039;Italia<\/title>\n<meta name=\"robots\" content=\"index, follow, max-snippet:-1, max-image-preview:large, max-video-preview:-1\" \/>\n<link rel=\"canonical\" href=\"https:\/\/fornoditalia.com\/en\/produto\/polpa-di-cupuacu\/\" \/>\n<meta property=\"og:locale\" content=\"en_US\" \/>\n<meta property=\"og:type\" content=\"article\" \/>\n<meta property=\"og:title\" content=\"Polpa di Cupua\u00e7u\" \/>\n<meta property=\"og:description\" content=\"Il cupua\u00e7u, chiamato anche cupuassu e copoasu, \u00e8 un albero delle foreste pluviali tropicaliimparentato con il cacao.\u00a0Contiene teacrina (un potente antiossidante, antinfiammatorio eanalgesico) ma non caffeina e teobromina.Si rivela\u00a0un&#039;ottima fonte di tannini e flavonoidi\u00a0quali le catechine (antiossidanti e astringenti), la quercetina (antiossidante, antitumorale, regolatore vitaminico), il kaempferolo (antivirale, antibatterico ed efficace contro diabete, leucemia e numerose forme tumorali), e teograndine.\u00c8 un frutto\u00a0ricco di fibre, amminoacidi,\u00a0acidi grassi tra i quali l\u2019omega-3, vitamine (A, B, C, E) e\u00a0minerali, tra i quali il ferro. Busta di 100g.\" \/>\n<meta property=\"og:url\" content=\"https:\/\/fornoditalia.com\/en\/produto\/polpa-di-cupuacu\/\" \/>\n<meta property=\"og:site_name\" content=\"Forno D&#039;Italia\" \/>\n<meta property=\"article:publisher\" content=\"https:\/\/www.facebook.com\/Forno-DItalia-108001610953448\/\" \/>\n<meta property=\"article:modified_time\" content=\"2025-04-24T13:19:53+00:00\" \/>\n<meta property=\"og:image\" content=\"https:\/\/fornoditalia.com\/wp-content\/uploads\/2020\/09\/Polpa-Cupuacu-100g.jpg\" \/>\n\t<meta property=\"og:image:width\" content=\"1200\" \/>\n\t<meta property=\"og:image:height\" content=\"800\" \/>\n\t<meta property=\"og:image:type\" content=\"image\/jpeg\" \/>\n<meta name=\"twitter:card\" content=\"summary_large_image\" \/>\n<script type=\"application\/ld+json\" class=\"yoast-schema-graph\">{\"@context\":\"https:\\\/\\\/schema.org\",\"@graph\":[{\"@type\":\"WebPage\",\"@id\":\"https:\\\/\\\/fornoditalia.com\\\/en\\\/produto\\\/polpa-di-cupuacu\\\/\",\"url\":\"https:\\\/\\\/fornoditalia.com\\\/en\\\/produto\\\/polpa-di-cupuacu\\\/\",\"name\":\"Polpa di Cupua\u00e7u - Forno D&#039;Italia\",\"isPartOf\":{\"@id\":\"https:\\\/\\\/fornoditalia.com\\\/en\\\/#website\"},\"primaryImageOfPage\":{\"@id\":\"https:\\\/\\\/fornoditalia.com\\\/en\\\/produto\\\/polpa-di-cupuacu\\\/#primaryimage\"},\"image\":{\"@id\":\"https:\\\/\\\/fornoditalia.com\\\/en\\\/produto\\\/polpa-di-cupuacu\\\/#primaryimage\"},\"thumbnailUrl\":\"https:\\\/\\\/fornoditalia.com\\\/wp-content\\\/uploads\\\/2020\\\/09\\\/Polpa-Cupuacu-100g.jpg\",\"datePublished\":\"2020-09-25T17:28:18+00:00\",\"dateModified\":\"2025-04-24T13:19:53+00:00\",\"breadcrumb\":{\"@id\":\"https:\\\/\\\/fornoditalia.com\\\/en\\\/produto\\\/polpa-di-cupuacu\\\/#breadcrumb\"},\"inLanguage\":\"en-US\",\"potentialAction\":[{\"@type\":\"ReadAction\",\"target\":[\"https:\\\/\\\/fornoditalia.com\\\/en\\\/produto\\\/polpa-di-cupuacu\\\/\"]}]},{\"@type\":\"ImageObject\",\"inLanguage\":\"en-US\",\"@id\":\"https:\\\/\\\/fornoditalia.com\\\/en\\\/produto\\\/polpa-di-cupuacu\\\/#primaryimage\",\"url\":\"https:\\\/\\\/fornoditalia.com\\\/wp-content\\\/uploads\\\/2020\\\/09\\\/Polpa-Cupuacu-100g.jpg\",\"contentUrl\":\"https:\\\/\\\/fornoditalia.com\\\/wp-content\\\/uploads\\\/2020\\\/09\\\/Polpa-Cupuacu-100g.jpg\",\"width\":1200,\"height\":800},{\"@type\":\"BreadcrumbList\",\"@id\":\"https:\\\/\\\/fornoditalia.com\\\/en\\\/produto\\\/polpa-di-cupuacu\\\/#breadcrumb\",\"itemListElement\":[{\"@type\":\"ListItem\",\"position\":1,\"name\":\"In\u00edcio\",\"item\":\"https:\\\/\\\/fornoditalia.com\\\/en\\\/\"},{\"@type\":\"ListItem\",\"position\":2,\"name\":\"Prodotti\",\"item\":\"https:\\\/\\\/fornoditalia.com\\\/prodotti\\\/\"},{\"@type\":\"ListItem\",\"position\":3,\"name\":\"Polpa di Cupua\u00e7u\"}]},{\"@type\":\"WebSite\",\"@id\":\"https:\\\/\\\/fornoditalia.com\\\/en\\\/#website\",\"url\":\"https:\\\/\\\/fornoditalia.com\\\/en\\\/\",\"name\":\"Forno D&#039;Italia\",\"description\":\"P\u00e3o de Queijo\",\"publisher\":{\"@id\":\"https:\\\/\\\/fornoditalia.com\\\/en\\\/#organization\"},\"potentialAction\":[{\"@type\":\"SearchAction\",\"target\":{\"@type\":\"EntryPoint\",\"urlTemplate\":\"https:\\\/\\\/fornoditalia.com\\\/en\\\/?s={search_term_string}\"},\"query-input\":{\"@type\":\"PropertyValueSpecification\",\"valueRequired\":true,\"valueName\":\"search_term_string\"}}],\"inLanguage\":\"en-US\"},{\"@type\":\"Organization\",\"@id\":\"https:\\\/\\\/fornoditalia.com\\\/en\\\/#organization\",\"name\":\"Forno D'Italia\",\"url\":\"https:\\\/\\\/fornoditalia.com\\\/en\\\/\",\"logo\":{\"@type\":\"ImageObject\",\"inLanguage\":\"en-US\",\"@id\":\"https:\\\/\\\/fornoditalia.com\\\/en\\\/#\\\/schema\\\/logo\\\/image\\\/\",\"url\":\"https:\\\/\\\/fornoditalia.com\\\/wp-content\\\/uploads\\\/2020\\\/06\\\/FornoDItalia_Logo_version500.png\",\"contentUrl\":\"https:\\\/\\\/fornoditalia.com\\\/wp-content\\\/uploads\\\/2020\\\/06\\\/FornoDItalia_Logo_version500.png\",\"width\":500,\"height\":263,\"caption\":\"Forno D'Italia\"},\"image\":{\"@id\":\"https:\\\/\\\/fornoditalia.com\\\/en\\\/#\\\/schema\\\/logo\\\/image\\\/\"},\"sameAs\":[\"https:\\\/\\\/www.facebook.com\\\/Forno-DItalia-108001610953448\\\/\",\"https:\\\/\\\/www.instagram.com\\\/forno.ditalia\\\/\"]}]}<\/script>\n<!-- \/ Yoast SEO plugin. -->","yoast_head_json":{"title":"Polpa di Cupua\u00e7u - Forno D&#039;Italia","robots":{"index":"index","follow":"follow","max-snippet":"max-snippet:-1","max-image-preview":"max-image-preview:large","max-video-preview":"max-video-preview:-1"},"canonical":"https:\/\/fornoditalia.com\/en\/produto\/polpa-di-cupuacu\/","og_locale":"en_US","og_type":"article","og_title":"Polpa di Cupua\u00e7u","og_description":"Il cupua\u00e7u, chiamato anche cupuassu e copoasu, \u00e8 un albero delle foreste pluviali tropicaliimparentato con il cacao.\u00a0Contiene teacrina (un potente antiossidante, antinfiammatorio eanalgesico) ma non caffeina e teobromina.Si rivela\u00a0un'ottima fonte di tannini e flavonoidi\u00a0quali le catechine (antiossidanti e astringenti), la quercetina (antiossidante, antitumorale, regolatore vitaminico), il kaempferolo (antivirale, antibatterico ed efficace contro diabete, leucemia e numerose forme tumorali), e teograndine.\u00c8 un frutto\u00a0ricco di fibre, amminoacidi,\u00a0acidi grassi tra i quali l\u2019omega-3, vitamine (A, B, C, E) e\u00a0minerali, tra i quali il ferro. Busta di 100g.","og_url":"https:\/\/fornoditalia.com\/en\/produto\/polpa-di-cupuacu\/","og_site_name":"Forno D&#039;Italia","article_publisher":"https:\/\/www.facebook.com\/Forno-DItalia-108001610953448\/","article_modified_time":"2025-04-24T13:19:53+00:00","og_image":[{"width":1200,"height":800,"url":"https:\/\/fornoditalia.com\/wp-content\/uploads\/2020\/09\/Polpa-Cupuacu-100g.jpg","type":"image\/jpeg"}],"twitter_card":"summary_large_image","schema":{"@context":"https:\/\/schema.org","@graph":[{"@type":"WebPage","@id":"https:\/\/fornoditalia.com\/en\/produto\/polpa-di-cupuacu\/","url":"https:\/\/fornoditalia.com\/en\/produto\/polpa-di-cupuacu\/","name":"Polpa di Cupua\u00e7u - Forno D&#039;Italia","isPartOf":{"@id":"https:\/\/fornoditalia.com\/en\/#website"},"primaryImageOfPage":{"@id":"https:\/\/fornoditalia.com\/en\/produto\/polpa-di-cupuacu\/#primaryimage"},"image":{"@id":"https:\/\/fornoditalia.com\/en\/produto\/polpa-di-cupuacu\/#primaryimage"},"thumbnailUrl":"https:\/\/fornoditalia.com\/wp-content\/uploads\/2020\/09\/Polpa-Cupuacu-100g.jpg","datePublished":"2020-09-25T17:28:18+00:00","dateModified":"2025-04-24T13:19:53+00:00","breadcrumb":{"@id":"https:\/\/fornoditalia.com\/en\/produto\/polpa-di-cupuacu\/#breadcrumb"},"inLanguage":"en-US","potentialAction":[{"@type":"ReadAction","target":["https:\/\/fornoditalia.com\/en\/produto\/polpa-di-cupuacu\/"]}]},{"@type":"ImageObject","inLanguage":"en-US","@id":"https:\/\/fornoditalia.com\/en\/produto\/polpa-di-cupuacu\/#primaryimage","url":"https:\/\/fornoditalia.com\/wp-content\/uploads\/2020\/09\/Polpa-Cupuacu-100g.jpg","contentUrl":"https:\/\/fornoditalia.com\/wp-content\/uploads\/2020\/09\/Polpa-Cupuacu-100g.jpg","width":1200,"height":800},{"@type":"BreadcrumbList","@id":"https:\/\/fornoditalia.com\/en\/produto\/polpa-di-cupuacu\/#breadcrumb","itemListElement":[{"@type":"ListItem","position":1,"name":"In\u00edcio","item":"https:\/\/fornoditalia.com\/en\/"},{"@type":"ListItem","position":2,"name":"Prodotti","item":"https:\/\/fornoditalia.com\/prodotti\/"},{"@type":"ListItem","position":3,"name":"Polpa di Cupua\u00e7u"}]},{"@type":"WebSite","@id":"https:\/\/fornoditalia.com\/en\/#website","url":"https:\/\/fornoditalia.com\/en\/","name":"Forno D&#039;Italia","description":"P\u00e3o de Queijo","publisher":{"@id":"https:\/\/fornoditalia.com\/en\/#organization"},"potentialAction":[{"@type":"SearchAction","target":{"@type":"EntryPoint","urlTemplate":"https:\/\/fornoditalia.com\/en\/?s={search_term_string}"},"query-input":{"@type":"PropertyValueSpecification","valueRequired":true,"valueName":"search_term_string"}}],"inLanguage":"en-US"},{"@type":"Organization","@id":"https:\/\/fornoditalia.com\/en\/#organization","name":"Forno D'Italia","url":"https:\/\/fornoditalia.com\/en\/","logo":{"@type":"ImageObject","inLanguage":"en-US","@id":"https:\/\/fornoditalia.com\/en\/#\/schema\/logo\/image\/","url":"https:\/\/fornoditalia.com\/wp-content\/uploads\/2020\/06\/FornoDItalia_Logo_version500.png","contentUrl":"https:\/\/fornoditalia.com\/wp-content\/uploads\/2020\/06\/FornoDItalia_Logo_version500.png","width":500,"height":263,"caption":"Forno D'Italia"},"image":{"@id":"https:\/\/fornoditalia.com\/en\/#\/schema\/logo\/image\/"},"sameAs":["https:\/\/www.facebook.com\/Forno-DItalia-108001610953448\/","https:\/\/www.instagram.com\/forno.ditalia\/"]}]}},"_links":{"self":[{"href":"https:\/\/fornoditalia.com\/en\/wp-json\/wp\/v2\/product\/16849","targetHints":{"allow":["GET"]}}],"collection":[{"href":"https:\/\/fornoditalia.com\/en\/wp-json\/wp\/v2\/product"}],"about":[{"href":"https:\/\/fornoditalia.com\/en\/wp-json\/wp\/v2\/types\/product"}],"replies":[{"embeddable":true,"href":"https:\/\/fornoditalia.com\/en\/wp-json\/wp\/v2\/comments?post=16849"}],"wp:featuredmedia":[{"embeddable":true,"href":"https:\/\/fornoditalia.com\/en\/wp-json\/wp\/v2\/media\/24732"}],"wp:attachment":[{"href":"https:\/\/fornoditalia.com\/en\/wp-json\/wp\/v2\/media?parent=16849"}],"wp:term":[{"taxonomy":"product_brand","embeddable":true,"href":"https:\/\/fornoditalia.com\/en\/wp-json\/wp\/v2\/product_brand?post=16849"},{"taxonomy":"product_cat","embeddable":true,"href":"https:\/\/fornoditalia.com\/en\/wp-json\/wp\/v2\/product_cat?post=16849"},{"taxonomy":"product_tag","embeddable":true,"href":"https:\/\/fornoditalia.com\/en\/wp-json\/wp\/v2\/product_tag?post=16849"}],"curies":[{"name":"wp","href":"https:\/\/api.w.org\/{rel}","templated":true}]}}